{"id":693,"date":"2022-06-21T23:44:52","date_gmt":"2022-06-21T21:44:52","guid":{"rendered":"https:\/\/www.dominikanigrant.sk\/video-nahravky\/"},"modified":"2022-06-29T13:02:06","modified_gmt":"2022-06-29T11:02:06","slug":"video-recordings","status":"publish","type":"page","link":"https:\/\/www.dominikanigrant.sk\/en\/video-recordings\/","title":{"rendered":"Video recordings"},"content":{"rendered":"<div class=\"fusion-fullwidth fullwidth-box fusion-builder-row-1 fusion-flex-container nonhundred-percent-fullwidth non-hundred-percent-height-scrolling\" style=\"background-color: rgba(255,255,255,0);background-position: center center;background-repeat: no-repeat;border-width: 0px 0px 0px 0px;border-color:#e2e2e2;border-style:solid;\" ><div class=\"fusion-builder-row fusion-row fusion-flex-align-items-flex-start\" style=\"max-width:1248px;margin-left: calc(-4% \/ 2 );margin-right: calc(-4% \/ 2 );\"><div class=\"fusion-layout-column fusion_builder_column fusion-builder-column-0 fusion_builder_column_1_1 1_1 fusion-flex-column\"><div class=\"fusion-column-wrapper fusion-flex-justify-content-flex-start fusion-content-layout-column\" style=\"background-position:left top;background-repeat:no-repeat;-webkit-background-size:cover;-moz-background-size:cover;-o-background-size:cover;background-size:cover;padding: 0px 0px 0px 0px;\"><div class=\"fusion-blog-shortcode fusion-blog-shortcode-1 fusion-blog-archive fusion-blog-layout-medium-alternate fusion-blog-pagination\"><div class=\"fusion-posts-container fusion-posts-container-pagination\" data-pages=\"1\"><article id=\"blog-1-post-1553\" class=\"fusion-post-medium-alternate post-1553 post type-post status-publish format-video hentry category-video-nahravky post_format-post-format-video\">\n<div class=\"fusion-date-and-formats\"><div class=\"fusion-date-box updated\"><span class=\"fusion-date\">19<\/span><span class=\"fusion-month-year\">07, 2023<\/span><\/div><div class=\"fusion-format-box\"><i class=\"fusion-icon-film\" aria-hidden=\"true\"><\/i><\/div><\/div>\t<style type=\"text\/css\">\n\t\t\n\t\t\n\t\t\n\t\t\n\t\t\t<\/style>\n\n\n<div class=\"fusion-post-content post-content\"><h2 class=\"blog-shortcode-post-title entry-title\"><a href=\"https:\/\/www.dominikanigrant.sk\/en\/informacne-video\/\">Informa\u010dn\u00e9 video<\/a><\/h2><div class=\"fusion-post-content-container\"><p>\"...m\u00e1te za sebou kr\u00e1snu prehliadku kostola dominik\u00e1nov v Ko\u0161iciach, ale [...]<\/p><\/div><\/div><div class=\"fusion-clearfix\"><\/div><div class=\"fusion-meta-info\"><div class=\"fusion-alignright\"><a class=\"fusion-read-more\" href=\"https:\/\/www.dominikanigrant.sk\/en\/informacne-video\/\" aria-label=\"More on Informa\u010dn\u00e9 video\">Read More<\/a><\/div><\/div><\/article>\n<article id=\"blog-1-post-759\" class=\"fusion-post-medium-alternate post-759 post type-post status-publish format-video hentry category-video-nahravky post_format-post-format-video\">\n<div class=\"fusion-date-and-formats\"><div class=\"fusion-date-box updated\"><span class=\"fusion-date\">15<\/span><span class=\"fusion-month-year\">07, 2021<\/span><\/div><div class=\"fusion-format-box\"><i class=\"fusion-icon-film\" aria-hidden=\"true\"><\/i><\/div><\/div>\t<style type=\"text\/css\">\n\t\t\n\t\t\n\t\t\n\t\t\n\t\t\t<\/style>\n\n\n<div class=\"fusion-post-content post-content\"><h2 class=\"blog-shortcode-post-title entry-title\"><a href=\"https:\/\/www.dominikanigrant.sk\/en\/informacia-o-projekte\/\">Inform\u00e1cia o projekte<\/a><\/h2><div class=\"fusion-post-content-container\"><p>Slovensk\u00e1 verzia videa: Anglick\u00e1 verzia videa:<\/p><\/div><\/div><div class=\"fusion-clearfix\"><\/div><div class=\"fusion-meta-info\"><div class=\"fusion-alignright\"><a class=\"fusion-read-more\" href=\"https:\/\/www.dominikanigrant.sk\/en\/informacia-o-projekte\/\" aria-label=\"More on Inform\u00e1cia o projekte\">Read More<\/a><\/div><\/div><\/article>\n<article id=\"blog-1-post-754\" class=\"fusion-post-medium-alternate post-754 post type-post status-publish format-video hentry category-video-nahravky post_format-post-format-video\">\n<div class=\"fusion-date-and-formats\"><div class=\"fusion-date-box updated\"><span class=\"fusion-date\">3<\/span><span class=\"fusion-month-year\">07, 2021<\/span><\/div><div class=\"fusion-format-box\"><i class=\"fusion-icon-film\" aria-hidden=\"true\"><\/i><\/div><\/div>\t<style type=\"text\/css\">\n\t\t\n\t\t\n\t\t\n\t\t\n\t\t\t<\/style>\n\n\n<div class=\"fusion-post-content post-content\"><h2 class=\"blog-shortcode-post-title entry-title\"><a href=\"https:\/\/www.dominikanigrant.sk\/en\/restaurovanej-narodnej-kulturnej-pamiatke\/\">Re\u0161taurovanej N\u00e1rodnej kult\u00farnej pamiatke<\/a><\/h2><div class=\"fusion-post-content-container\"><p>Ko\u0161ick\u00e1 telev\u00edzia nato\u010dila a zverejnila v s\u00e9rii: Dominanty Ko\u0161\u00edc, video o re\u0161taurovanej N\u00e1rodnej kult\u00farnej pamiatke.<\/p><\/div><\/div><div class=\"fusion-clearfix\"><\/div><div class=\"fusion-meta-info\"><div class=\"fusion-alignright\"><a class=\"fusion-read-more\" href=\"https:\/\/www.dominikanigrant.sk\/en\/restaurovanej-narodnej-kulturnej-pamiatke\/\" aria-label=\"More on Re\u0161taurovanej N\u00e1rodnej kult\u00farnej pamiatke\">Read More<\/a><\/div><\/div><\/article>\n<\/div><\/div><\/div><\/div><style type=\"text\/css\">.fusion-body .fusion-builder-column-0{width:100% !important;margin-top : 0px;margin-bottom : 20px;}.fusion-builder-column-0 > .fusion-column-wrapper {padding-top : 0px !important;padding-right : 0px !important;margin-right : 1.92%;padding-bottom : 0px !important;padding-left : 0px !important;margin-left : 1.92%;}@media only screen and (max-width:1024px) {.fusion-body .fusion-builder-column-0{width:100% !important;order : 0;}.fusion-builder-column-0 > .fusion-column-wrapper {margin-right : 1.92%;margin-left : 1.92%;}}@media only screen and (max-width:640px) {.fusion-body .fusion-builder-column-0{width:100% !important;order : 0;}.fusion-builder-column-0 > .fusion-column-wrapper {margin-right : 1.92%;margin-left : 1.92%;}}<\/style><\/div><style type=\"text\/css\">.fusion-body .fusion-flex-container.fusion-builder-row-1{ padding-top : 0px;margin-top : 0px;padding-right : 0px;padding-bottom : 0px;margin-bottom : 0px;padding-left : 0px;}<\/style><\/div>\n","protected":false},"excerpt":{"rendered":"","protected":false},"author":1,"featured_media":0,"parent":0,"menu_order":0,"comment_status":"closed","ping_status":"closed","template":"","meta":{"footnotes":""},"yoast_head":"<!-- This site is optimized with the Yoast SEO plugin v21.6 - https:\/\/yoast.com\/wordpress\/plugins\/seo\/ -->\n<title>Video recordings - Dominik\u00e1ni Grant<\/title>\n<meta name=\"robots\" content=\"index, follow, max-snippet:-1, max-image-preview:large, max-video-preview:-1\" \/>\n<link rel=\"canonical\" href=\"https:\/\/www.dominikanigrant.sk\/en\/video-recordings\/\" \/>\n<meta property=\"og:locale\" content=\"en_US\" \/>\n<meta property=\"og:type\" content=\"article\" \/>\n<meta property=\"og:title\" content=\"Video recordings - Dominik\u00e1ni Grant\" \/>\n<meta property=\"og:url\" content=\"https:\/\/www.dominikanigrant.sk\/en\/video-recordings\/\" \/>\n<meta property=\"og:site_name\" content=\"Dominik\u00e1ni Grant\" \/>\n<meta property=\"article:publisher\" content=\"https:\/\/www.facebook.com\/Dominik%c3%a1ni-Grant-102597252187835\" \/>\n<meta property=\"article:modified_time\" content=\"2022-06-29T11:02:06+00:00\" \/>\n<meta name=\"twitter:card\" content=\"summary_large_image\" \/>\n<meta name=\"twitter:label1\" content=\"Est. reading time\" \/>\n\t<meta name=\"twitter:data1\" content=\"3 minutes\" \/>\n<script type=\"application\/ld+json\" class=\"yoast-schema-graph\">{\"@context\":\"https:\/\/schema.org\",\"@graph\":[{\"@type\":\"WebPage\",\"@id\":\"https:\/\/www.dominikanigrant.sk\/en\/video-recordings\/\",\"url\":\"https:\/\/www.dominikanigrant.sk\/en\/video-recordings\/\",\"name\":\"Video recordings - Dominik\u00e1ni Grant\",\"isPartOf\":{\"@id\":\"https:\/\/www.dominikanigrant.sk\/#website\"},\"datePublished\":\"2022-06-21T21:44:52+00:00\",\"dateModified\":\"2022-06-29T11:02:06+00:00\",\"breadcrumb\":{\"@id\":\"https:\/\/www.dominikanigrant.sk\/en\/video-recordings\/#breadcrumb\"},\"inLanguage\":\"en-US\",\"potentialAction\":[{\"@type\":\"ReadAction\",\"target\":[\"https:\/\/www.dominikanigrant.sk\/en\/video-recordings\/\"]}]},{\"@type\":\"BreadcrumbList\",\"@id\":\"https:\/\/www.dominikanigrant.sk\/en\/video-recordings\/#breadcrumb\",\"itemListElement\":[{\"@type\":\"ListItem\",\"position\":1,\"name\":\"Home\",\"item\":\"https:\/\/www.dominikanigrant.sk\/en\/\"},{\"@type\":\"ListItem\",\"position\":2,\"name\":\"Video recordings\"}]},{\"@type\":\"WebSite\",\"@id\":\"https:\/\/www.dominikanigrant.sk\/#website\",\"url\":\"https:\/\/www.dominikanigrant.sk\/\",\"name\":\"Dominik\u00e1ni Grant\",\"description\":\"Dne\u0161ok je mostom k zajtraj\u0161ku \u2013 Dominik\u00e1nsky kostol v Ko\u0161iciach \u2013 re\u0161taurovanie fas\u00e1dy\",\"publisher\":{\"@id\":\"https:\/\/www.dominikanigrant.sk\/#organization\"},\"potentialAction\":[{\"@type\":\"SearchAction\",\"target\":{\"@type\":\"EntryPoint\",\"urlTemplate\":\"https:\/\/www.dominikanigrant.sk\/?s={search_term_string}\"},\"query-input\":\"required name=search_term_string\"}],\"inLanguage\":\"en-US\"},{\"@type\":\"Organization\",\"@id\":\"https:\/\/www.dominikanigrant.sk\/#organization\",\"name\":\"DOMINIK\u00c1NI GRANT\",\"url\":\"https:\/\/www.dominikanigrant.sk\/\",\"logo\":{\"@type\":\"ImageObject\",\"inLanguage\":\"en-US\",\"@id\":\"https:\/\/www.dominikanigrant.sk\/#\/schema\/logo\/image\/\",\"url\":\"https:\/\/www.dominikanigrant.sk\/wp-content\/uploads\/2021\/04\/dominikanigrant-logo2x.png\",\"contentUrl\":\"https:\/\/www.dominikanigrant.sk\/wp-content\/uploads\/2021\/04\/dominikanigrant-logo2x.png\",\"width\":183,\"height\":153,\"caption\":\"DOMINIK\u00c1NI GRANT\"},\"image\":{\"@id\":\"https:\/\/www.dominikanigrant.sk\/#\/schema\/logo\/image\/\"},\"sameAs\":[\"https:\/\/www.facebook.com\/Dominik\u00e1ni-Grant-102597252187835\"]}]}<\/script>\n<!-- \/ Yoast SEO plugin. -->","yoast_head_json":{"title":"Video recordings - Dominik\u00e1ni Grant","robots":{"index":"index","follow":"follow","max-snippet":"max-snippet:-1","max-image-preview":"max-image-preview:large","max-video-preview":"max-video-preview:-1"},"canonical":"https:\/\/www.dominikanigrant.sk\/en\/video-recordings\/","og_locale":"en_US","og_type":"article","og_title":"Video recordings - Dominik\u00e1ni Grant","og_url":"https:\/\/www.dominikanigrant.sk\/en\/video-recordings\/","og_site_name":"Dominik\u00e1ni Grant","article_publisher":"https:\/\/www.facebook.com\/Dominik%c3%a1ni-Grant-102597252187835","article_modified_time":"2022-06-29T11:02:06+00:00","twitter_card":"summary_large_image","twitter_misc":{"Est. reading time":"3 minutes"},"schema":{"@context":"https:\/\/schema.org","@graph":[{"@type":"WebPage","@id":"https:\/\/www.dominikanigrant.sk\/en\/video-recordings\/","url":"https:\/\/www.dominikanigrant.sk\/en\/video-recordings\/","name":"Video recordings - Dominik\u00e1ni Grant","isPartOf":{"@id":"https:\/\/www.dominikanigrant.sk\/#website"},"datePublished":"2022-06-21T21:44:52+00:00","dateModified":"2022-06-29T11:02:06+00:00","breadcrumb":{"@id":"https:\/\/www.dominikanigrant.sk\/en\/video-recordings\/#breadcrumb"},"inLanguage":"en-US","potentialAction":[{"@type":"ReadAction","target":["https:\/\/www.dominikanigrant.sk\/en\/video-recordings\/"]}]},{"@type":"BreadcrumbList","@id":"https:\/\/www.dominikanigrant.sk\/en\/video-recordings\/#breadcrumb","itemListElement":[{"@type":"ListItem","position":1,"name":"Home","item":"https:\/\/www.dominikanigrant.sk\/en\/"},{"@type":"ListItem","position":2,"name":"Video recordings"}]},{"@type":"WebSite","@id":"https:\/\/www.dominikanigrant.sk\/#website","url":"https:\/\/www.dominikanigrant.sk\/","name":"Dominik\u00e1ni Grant","description":"Dne\u0161ok je mostom k zajtraj\u0161ku \u2013 Dominik\u00e1nsky kostol v Ko\u0161iciach \u2013 re\u0161taurovanie fas\u00e1dy","publisher":{"@id":"https:\/\/www.dominikanigrant.sk\/#organization"},"potentialAction":[{"@type":"SearchAction","target":{"@type":"EntryPoint","urlTemplate":"https:\/\/www.dominikanigrant.sk\/?s={search_term_string}"},"query-input":"required name=search_term_string"}],"inLanguage":"en-US"},{"@type":"Organization","@id":"https:\/\/www.dominikanigrant.sk\/#organization","name":"DOMINIK\u00c1NI GRANT","url":"https:\/\/www.dominikanigrant.sk\/","logo":{"@type":"ImageObject","inLanguage":"en-US","@id":"https:\/\/www.dominikanigrant.sk\/#\/schema\/logo\/image\/","url":"https:\/\/www.dominikanigrant.sk\/wp-content\/uploads\/2021\/04\/dominikanigrant-logo2x.png","contentUrl":"https:\/\/www.dominikanigrant.sk\/wp-content\/uploads\/2021\/04\/dominikanigrant-logo2x.png","width":183,"height":153,"caption":"DOMINIK\u00c1NI GRANT"},"image":{"@id":"https:\/\/www.dominikanigrant.sk\/#\/schema\/logo\/image\/"},"sameAs":["https:\/\/www.facebook.com\/Dominik\u00e1ni-Grant-102597252187835"]}]}},"_links":{"self":[{"href":"https:\/\/www.dominikanigrant.sk\/en\/wp-json\/wp\/v2\/pages\/693"}],"collection":[{"href":"https:\/\/www.dominikanigrant.sk\/en\/wp-json\/wp\/v2\/pages"}],"about":[{"href":"https:\/\/www.dominikanigrant.sk\/en\/wp-json\/wp\/v2\/types\/page"}],"author":[{"embeddable":true,"href":"https:\/\/www.dominikanigrant.sk\/en\/wp-json\/wp\/v2\/users\/1"}],"replies":[{"embeddable":true,"href":"https:\/\/www.dominikanigrant.sk\/en\/wp-json\/wp\/v2\/comments?post=693"}],"version-history":[{"count":2,"href":"https:\/\/www.dominikanigrant.sk\/en\/wp-json\/wp\/v2\/pages\/693\/revisions"}],"predecessor-version":[{"id":766,"href":"https:\/\/www.dominikanigrant.sk\/en\/wp-json\/wp\/v2\/pages\/693\/revisions\/766"}],"wp:attachment":[{"href":"https:\/\/www.dominikanigrant.sk\/en\/wp-json\/wp\/v2\/media?parent=693"}],"curies":[{"name":"wp","href":"https:\/\/api.w.org\/{rel}","templated":true}]}}